{"id":43,"date":"2016-05-12T12:29:58","date_gmt":"2016-05-12T10:29:58","guid":{"rendered":"http:\/\/www.acnca.fr\/V2\/?p=43"},"modified":"2016-06-07T21:23:52","modified_gmt":"2016-06-07T19:23:52","slug":"register","status":"publish","type":"page","link":"http:\/\/www.acnca.fr\/V2\/register\/","title":{"rendered":"Enregistrement"},"content":{"rendered":"\n<div class=\"um um-register um-35\">\n\t<div class=\"um-form\" data-mode=\"register\">\n\t\t<form method=\"post\" action=\"\">\n\t\t\t<div class=\"um-row _um_row_1 \" style=\"margin: 0 0 30px 0;\"><div class=\"um-col-1\"><div  id=\"um_field_35_user_login\" class=\"um-field um-field-text  um-field-user_login um-field-text um-field-type_text\" data-key=\"user_login\"><div class=\"um-field-label\"><label for=\"user_login-35\">Pseudo<\/label><div class=\"um-clear\"><\/div><\/div><div class=\"um-field-area\"><input  autocomplete=\"off\" class=\"um-form-field valid \" type=\"text\" name=\"user_login-35\" id=\"user_login-35\" value=\"\" placeholder=\"\" data-validate=\"unique_username\" data-key=\"user_login\"  aria-invalid=\"false\" \/>\n\n\t\t\t\t\t\t<\/div><\/div><div  id=\"um_field_35_first_name\" class=\"um-field um-field-text  um-field-first_name um-field-text um-field-type_text\" data-key=\"first_name\"><div class=\"um-field-label\"><label for=\"first_name-35\">Pr\u00e9nom<\/label><div class=\"um-clear\"><\/div><\/div><div class=\"um-field-area\"><input  autocomplete=\"off\" class=\"um-form-field valid \" type=\"text\" name=\"first_name-35\" id=\"first_name-35\" value=\"\" placeholder=\"\" data-validate=\"\" data-key=\"first_name\"  aria-invalid=\"false\" \/>\n\n\t\t\t\t\t\t<\/div><\/div><div  id=\"um_field_35_last_name\" class=\"um-field um-field-text  um-field-last_name um-field-text um-field-type_text\" data-key=\"last_name\"><div class=\"um-field-label\"><label for=\"last_name-35\">Nom de famille en MAJUSCULE<\/label><div class=\"um-clear\"><\/div><\/div><div class=\"um-field-area\"><input  autocomplete=\"off\" class=\"um-form-field valid \" type=\"text\" name=\"last_name-35\" id=\"last_name-35\" value=\"\" placeholder=\"\" data-validate=\"\" data-key=\"last_name\"  aria-invalid=\"false\" \/>\n\n\t\t\t\t\t\t<\/div><\/div><div  id=\"um_field_35_user_email\" class=\"um-field um-field-text  um-field-user_email um-field-text um-field-type_text\" data-key=\"user_email\"><div class=\"um-field-label\"><label for=\"user_email-35\">E-mail<\/label><div class=\"um-clear\"><\/div><\/div><div class=\"um-field-area\"><input  autocomplete=\"off\" class=\"um-form-field valid \" type=\"text\" name=\"user_email-35\" id=\"user_email-35\" value=\"\" placeholder=\"De pr\u00e9f\u00e9rence email professionnel\" data-validate=\"unique_email\" data-key=\"user_email\"  aria-invalid=\"false\" \/>\n\n\t\t\t\t\t\t<\/div><\/div><div  id=\"um_field_35_user_password\" class=\"um-field um-field-password  um-field-user_password um-field-password um-field-type_password\" data-key=\"user_password\"><div class=\"um-field-label\"><label for=\"user_password-35\">Mot de passe <\/label><span class=\"um-tip um-tip-w\" title=\"8 caract\u00e8res mini dont 1 chiffre, 1 minuscule et 1 majuscule\"><i class=\"um-icon-help-circled\"><\/i><\/span><div class=\"um-clear\"><\/div><\/div><div class=\"um-field-area\"><input class=\"um-form-field valid \" type=\"password\" name=\"user_password-35\" id=\"user_password-35\" value=\"\" placeholder=\"\" data-validate=\"\" data-key=\"user_password\"  aria-invalid=\"false\" \/>\n\n\t\t\t\t\t\t\t<\/div><\/div><div  id=\"um_field_35_confirm_user_password\" class=\"um-field um-field-password  um-field-user_password um-field-password um-field-type_password\" data-key=\"confirm_user_password\"><div class=\"um-field-label\"><label for=\"confirm_user_password-35\">Confirmer le Mot de passe <\/label><div class=\"um-clear\"><\/div><\/div><div class=\"um-field-area\"><input class=\"um-form-field valid \" type=\"password\" name=\"confirm_user_password-35\" id=\"confirm_user_password-35\" value=\"\" placeholder=\"Confirmer le Mot de passe \" data-validate=\"\" data-key=\"confirm_user_password\"  aria-invalid=\"false\" \/><\/div><\/div><div  id=\"um_field_35_Etude\" class=\"um-field um-field-text  um-field-Etude um-field-text um-field-type_text\" data-key=\"Etude\"><div class=\"um-field-label\"><label for=\"Etude-35\">Nom de l'Etude<\/label><span class=\"um-tip um-tip-w\" title=\"Saisissez le nom de l&#039;Etude dans laquelle vous travaillez\"><i class=\"um-icon-help-circled\"><\/i><\/span><div class=\"um-clear\"><\/div><\/div><div class=\"um-field-area\"><input  autocomplete=\"off\" class=\"um-form-field valid \" type=\"text\" name=\"Etude-35\" id=\"Etude-35\" value=\"\" placeholder=\"\" data-validate=\"\" data-key=\"Etude\"  aria-invalid=\"false\" \/>\n\n\t\t\t\t\t\t<\/div><\/div><div  id=\"um_field_35_crpcen_user\" class=\"um-field um-field-number  um-field-crpcen_user um-field-number um-field-type_number\" data-key=\"crpcen_user\"><div class=\"um-field-label\"><label for=\"crpcen_user-35\">CRPCEN de l'Etude<\/label><div class=\"um-clear\"><\/div><\/div><div class=\"um-field-area\"><input  class=\"um-form-field valid \" type=\"number\" name=\"crpcen_user-35\" id=\"crpcen_user-35\" value=\"\" placeholder=\"\" data-validate=\"alpha_numeric\" data-key=\"crpcen_user\"  max=\"99999\"   aria-invalid=\"false\" \/>\n\n\t\t\t\t\t\t<\/div><\/div><div  id=\"um_field_35_ville_etude\" class=\"um-field um-field-text  um-field-ville_etude um-field-text um-field-type_text\" data-key=\"ville_etude\"><div class=\"um-field-label\"><label for=\"ville_etude-35\">Ville de l'Etude<\/label><div class=\"um-clear\"><\/div><\/div><div class=\"um-field-area\"><input  autocomplete=\"off\" class=\"um-form-field valid \" type=\"text\" name=\"ville_etude-35\" id=\"ville_etude-35\" value=\"\" placeholder=\"\" data-validate=\"\" data-key=\"ville_etude\"  aria-invalid=\"false\" \/>\n\n\t\t\t\t\t\t<\/div><\/div><div  id=\"um_field_35_Etude_8\" class=\"um-field um-field-text  um-field-Etude_8 um-field-text um-field-type_text\" data-key=\"Etude_8\"><div class=\"um-field-label\"><label for=\"Etude_8-35\">Votre ligne directe<\/label><span class=\"um-tip um-tip-w\" title=\"Saisissez le num\u00e9ro de t\u00e9l\u00e9phone o\u00f9 on peut vous joindre facilement\"><i class=\"um-icon-help-circled\"><\/i><\/span><div class=\"um-clear\"><\/div><\/div><div class=\"um-field-area\"><input  autocomplete=\"off\" class=\"um-form-field valid \" type=\"text\" name=\"Etude_8-35\" id=\"Etude_8-35\" value=\"\" placeholder=\"\" data-validate=\"\" data-key=\"Etude_8\"  aria-invalid=\"false\" \/>\n\n\t\t\t\t\t\t<\/div><\/div><div  id=\"um_field_35_gender\" class=\"um-field um-field-radio  um-field-gender um-field-radio um-field-type_radio\" data-key=\"gender\"  aria-invalid=\"false\" ><div class=\"um-field-label\"><label for=\"gender-35\">Sexe<\/label><div class=\"um-clear\"><\/div><\/div><div class=\"um-field-area\"><label class=\"um-field-radio  um-field-half \"><input  type=\"radio\" name=\"gender[]\" value=\"Homme\"  \/><span class=\"um-field-radio-state\"><i class=\"um-icon-android-radio-button-off\"><\/i><\/span><span class=\"um-field-radio-option\">Homme<\/span><\/label><label class=\"um-field-radio  um-field-half  right \"><input  type=\"radio\" name=\"gender[]\" value=\"Femme\"  \/><span class=\"um-field-radio-state\"><i class=\"um-icon-android-radio-button-off\"><\/i><\/span><span class=\"um-field-radio-option\">Femme<\/span><\/label><div class=\"um-clear\"><\/div><div class=\"um-clear\"><\/div><\/div><\/div><div  id=\"um_field_35_birth_date\" class=\"um-field um-field-date  um-field-birth_date um-field-date um-field-type_date\" data-key=\"birth_date\"><div class=\"um-field-label\"><div class=\"um-field-label-icon\"><i class=\"um-faicon-calendar\" aria-label=\"Date de naissance\"><\/i><\/div><label for=\"birth_date-35\">Date de naissance<\/label><div class=\"um-clear\"><\/div><\/div><div class=\"um-field-area\"><input   class=\"um-form-field valid um-datepicker \" type=\"text\" name=\"birth_date-35\" id=\"birth_date-35\" value=\"\" placeholder=\"\" data-validate=\"\" data-key=\"birth_date\" data-range=\"years\" data-years=\"115\" data-years_x=\"past\" data-disabled_weekdays=\"\" data-date_min=\"1911,4,05\" data-date_max=\"2026,4,05\" data-format=\"d mmm yyyy\" data-value=\"\"  aria-invalid=\"false\" \/>\n\n\t\t\t\t\t\t<\/div><\/div><div  id=\"um_field_35_Titre\" class=\"um-field um-field-text  um-field-Titre um-field-text um-field-type_text\" data-key=\"Titre\"><div class=\"um-field-label\"><label for=\"Titre-35\">Fonction<\/label><div class=\"um-clear\"><\/div><\/div><div class=\"um-field-area\"><input  autocomplete=\"off\" class=\"um-form-field valid \" type=\"text\" name=\"Titre-35\" id=\"Titre-35\" value=\"Membre\" placeholder=\"\" data-validate=\"\" data-key=\"Titre\"  aria-invalid=\"false\" \/>\n\n\t\t\t\t\t\t<\/div><\/div><\/div><\/div>\t\t<input type=\"hidden\" name=\"form_id\" id=\"form_id_35\" value=\"35\" \/>\n\t\n\t<p class=\"um_request_name\">\n\t\t<label for=\"um_request_35\">Only fill in if you are not human<\/label>\n\t\t<input type=\"hidden\" name=\"um_request\" id=\"um_request_35\" class=\"input\" value=\"\" size=\"25\" autocomplete=\"off\" \/>\n\t<\/p>\n\n\t<input type=\"hidden\" id=\"_wpnonce\" name=\"_wpnonce\" value=\"77492f1e65\" \/><input type=\"hidden\" name=\"_wp_http_referer\" value=\"\/V2\/wp-json\/wp\/v2\/pages\/43\" \/>\n\t<div class=\"um-col-alt\">\n\n\t\t\n\t\t\t<div class=\"um-left um-half\">\n\t\t\t\t<input type=\"submit\" value=\"Inscription\" class=\"um-button\" id=\"um-submit-btn\" \/>\n\t\t\t<\/div>\n\t\t\t<div class=\"um-right um-half\">\n\t\t\t\t<a href=\"http:\/\/www.acnca.fr\/V2\/login\/\" class=\"um-button um-alt\">\n\t\t\t\t\tConnexion\t\t\t\t<\/a>\n\t\t\t<\/div>\n\n\t\t\n\t\t<div class=\"um-clear\"><\/div>\n\n\t<\/div>\n\n\t\t\t<\/form>\n\t<\/div>\n<\/div>\n<style>\n\t\t\t.um-35.um {\n\t\t\tmax-width: 450px;\n\t\t}\n\t\t<\/style>\n\n","protected":false},"excerpt":{"rendered":"<p class=\"continue-reading-button\"> <a class=\"continue-reading-link\" href=\"http:\/\/www.acnca.fr\/V2\/register\/\">La suite&#8230;<i class=\"crycon-right-dir\"><\/i><\/a><\/p>\n","protected":false},"author":1,"featured_media":0,"parent":0,"menu_order":0,"comment_status":"closed","ping_status":"open","template":"","meta":{"_bbp_topic_count":0,"_bbp_reply_count":0,"_bbp_total_topic_count":0,"_bbp_total_reply_count":0,"_bbp_voice_count":0,"_bbp_anonymous_reply_count":0,"_bbp_topic_count_hidden":0,"_bbp_reply_count_hidden":0,"_bbp_forum_subforum_count":0,"ngg_post_thumbnail":0,"footnotes":""},"_links":{"self":[{"href":"http:\/\/www.acnca.fr\/V2\/wp-json\/wp\/v2\/pages\/43"}],"collection":[{"href":"http:\/\/www.acnca.fr\/V2\/wp-json\/wp\/v2\/pages"}],"about":[{"href":"http:\/\/www.acnca.fr\/V2\/wp-json\/wp\/v2\/types\/page"}],"author":[{"embeddable":true,"href":"http:\/\/www.acnca.fr\/V2\/wp-json\/wp\/v2\/users\/1"}],"replies":[{"embeddable":true,"href":"http:\/\/www.acnca.fr\/V2\/wp-json\/wp\/v2\/comments?post=43"}],"version-history":[{"count":2,"href":"http:\/\/www.acnca.fr\/V2\/wp-json\/wp\/v2\/pages\/43\/revisions"}],"predecessor-version":[{"id":565,"href":"http:\/\/www.acnca.fr\/V2\/wp-json\/wp\/v2\/pages\/43\/revisions\/565"}],"wp:attachment":[{"href":"http:\/\/www.acnca.fr\/V2\/wp-json\/wp\/v2\/media?parent=43"}],"curies":[{"name":"wp","href":"https:\/\/api.w.org\/{rel}","templated":true}]}}